{"id":1876,"date":"2024-02-16T23:49:31","date_gmt":"2024-02-16T22:49:31","guid":{"rendered":"https:\/\/ephelduath.cz\/?page_id=1876"},"modified":"2026-05-04T17:51:04","modified_gmt":"2026-05-04T15:51:04","slug":"registrace","status":"publish","type":"page","link":"https:\/\/ephelduath.cz\/index.php\/registrace\/","title":{"rendered":"Registrace"},"content":{"rendered":"[vc_row layout=&#8220;wide&#8220; equal_height=&#8220;yes&#8220; css=&#8220;.vc_custom_1709475355123{background-image: url(https:\/\/ephelduath.cz\/wp-content\/uploads\/2024\/03\/IMG_20230206_195000_757.jpg?id=2015) !important;background-position: center !important;background-repeat: no-repeat !important;background-size: cover !important;}&#8220;][vc_column css=&#8220;.vc_custom_1709475904999{padding-top: 100px !important;padding-right: 100px !important;padding-bottom: 100px !important;padding-left: 100px !important;}&#8220;][vc_column_text]\n<h5 style=\"text-align: center;\"><span style=\"color: #ffffff;\">Registraci aktu\u00e1ln\u011b b\u011b\u017e\u00ed pro ob\u011b strany. Z\u00e1kladn\u00ed kapacita je 40 bojovn\u00edk\u016f v ka\u017ed\u00e9 arm\u00e1d\u011b. <\/span><\/h5>\n<p>&nbsp;<\/p>\n<h5 style=\"text-align: center;\"><span style=\"color: #ffffff;\">Registra\u010dn\u00ed formul\u00e1\u0159 nab\u00edz\u00ed t\u0159i mo\u017enosti registrace &#8211; bojovou, nebojou a pro CP (kr\u00e1tkodob\u00e9, v z\u00e1sad\u011b nebojov\u00e9 role v r\u00e1mci bitvy). Cena registrace pro bojuj\u00edc\u00ed je 800 K\u010d p\u0159i platb\u011b do konce \u010dervence, pot\u00e9 1000 K\u010d. Pro nebojov\u00e9 je registrace 200 K\u010d.<\/span><\/h5>\n<p>&nbsp;<\/p>\n<h5 style=\"text-align: center;\"><span style=\"color: #ffffff;\">Po vypln\u011bn\u00ed formul\u00e1\u0159e bys m\u011bl obdr\u017eet sv\u00e9 odpov\u011bdi. V horizontu n\u011bkolika dn\u00ed pot\u00e9 dostane\u0161 e-mail s \u00fadaji k platb\u011b registra\u010dn\u00edho poplatku. Teprve po jeho zaplacen\u00ed jsi plnohodnotn\u011b registrov\u00e1n.<\/span><\/h5>\n<h5 style=\"text-align: center;\"><span style=\"color: #ffffff;\">Platbu pros\u00edm prove\u010f do term\u00ednu uveden\u00e9ho v e-mailu. Jinak bude\u0161 vy\u0161krtnut z registra\u010dn\u00ed listiny a tv\u00e9 m\u00edsto bude uvoln\u011bno p\u0159\u00edpadn\u00fdm n\u00e1hradn\u00edk\u016fm.<\/span><\/h5>\n<h5 style=\"text-align: center;\"><span style=\"color: #ffffff;\">Platba je nevratn\u00e1, ale m\u016f\u017ee\u0161 si za sebe sehnat n\u00e1hradn\u00edka. Pokud registra\u010dn\u00ed mail nedoraz\u00ed do t\u00fddne, n\u011bco se ur\u010dit\u011b pokazilo a bu\u010fto se registruj znovu, nebo se ozvi na registrace@ephelduath.cz<\/span><\/h5>\n<h5 style=\"text-align: center;\"><span style=\"color: #ffffff;\">Nejzaz\u0161\u00ed term\u00edn, do kter\u00e9ho je mo\u017en\u00e9 se registrovat a zaplatit, je 14.9.2026.<\/span><\/h5>\n[\/vc_column_text][vc_row_inner][vc_column_inner width=&#8220;1\/2&#8243;][vc_button style=&#8220;3d&#8220; title=&#8220;Registrace&#8220; icon=&#8220;fa-plus-circle&#8220; target=&#8220;_blank&#8220; color=&#8220;dark&#8220; size=&#8220;extra_large&#8220; shape=&#8220;square&#8220; font_weight=&#8220;300&#8243; align=&#8220;center&#8220; href=&#8220;https:\/\/forms.gle\/DBBzU7Nqocm9FzuF8&#8243;][\/vc_column_inner][vc_column_inner width=&#8220;1\/2&#8243;][vc_button style=&#8220;3d&#8220; title=&#8220;Registra\u010dn\u00ed listina&#8220; icon=&#8220;fa-th-list&#8220; target=&#8220;_blank&#8220; color=&#8220;dark&#8220; size=&#8220;extra_large&#8220; shape=&#8220;square&#8220; font_weight=&#8220;300&#8243; align=&#8220;center&#8220; href=&#8220;https:\/\/docs.google.com\/spreadsheets\/d\/e\/2PACX-1vRSNRX6Lc1hU1wUVjYy6m1WTCjTUMt0GQVc51Ihb6e9Xgaiw5oBR-l72LTZJL8f1-lbXhFhSikndRjL\/pubhtml?gid=362788934&amp;single=true&#8220;][\/vc_column_inner][\/vc_row_inner][\/vc_column][\/vc_row]\n","protected":false},"excerpt":{"rendered":"<p>[vc_row layout=&#8220;wide&#8220; equal_height=&#8220;yes&#8220; css=&#8220;.vc_custom_1709475355123{background-image: url(https:\/\/ephelduath.cz\/wp-content\/uploads\/2024\/03\/IMG_20230206_195000_757.jpg?id=2015) !important;background-position: center !important;background-repeat: no-repeat !important;background-size: cover !important;}&#8220;][vc_column css=&#8220;.vc_custom_1709475904999{padding-top: 100px !important;padding-right: 100px !important;padding-bottom: 100px !important;padding-left: 100px !important;}&#8220;][vc_column_text] Registraci aktu\u00e1ln\u011b b\u011b\u017e\u00ed pro ob\u011b strany. Z\u00e1kladn\u00ed kapacita je 40 bojovn\u00edk\u016f v ka\u017ed\u00e9 arm\u00e1d\u011b. &nbsp; Registra\u010dn\u00ed formul\u00e1\u0159 nab\u00edz\u00ed t\u0159i mo\u017enosti registrace &#8211; bojovou, nebojou a pro CP (kr\u00e1tkodob\u00e9, v z\u00e1sad\u011b nebojov\u00e9 role v r\u00e1mci [&hellip;]<\/p>\n","protected":false},"author":1,"featured_media":0,"parent":0,"menu_order":0,"comment_status":"closed","ping_status":"closed","template":"page-full.php","meta":{"footnotes":""},"class_list":["post-1876","page","type-page","status-publish","hentry"],"_links":{"self":[{"href":"https:\/\/ephelduath.cz\/index.php\/wp-json\/wp\/v2\/pages\/1876","targetHints":{"allow":["GET"]}}],"collection":[{"href":"https:\/\/ephelduath.cz\/index.php\/wp-json\/wp\/v2\/pages"}],"about":[{"href":"https:\/\/ephelduath.cz\/index.php\/wp-json\/wp\/v2\/types\/page"}],"author":[{"embeddable":true,"href":"https:\/\/ephelduath.cz\/index.php\/wp-json\/wp\/v2\/users\/1"}],"replies":[{"embeddable":true,"href":"https:\/\/ephelduath.cz\/index.php\/wp-json\/wp\/v2\/comments?post=1876"}],"version-history":[{"count":48,"href":"https:\/\/ephelduath.cz\/index.php\/wp-json\/wp\/v2\/pages\/1876\/revisions"}],"predecessor-version":[{"id":2297,"href":"https:\/\/ephelduath.cz\/index.php\/wp-json\/wp\/v2\/pages\/1876\/revisions\/2297"}],"wp:attachment":[{"href":"https:\/\/ephelduath.cz\/index.php\/wp-json\/wp\/v2\/media?parent=1876"}],"curies":[{"name":"wp","href":"https:\/\/api.w.org\/{rel}","templated":true}]}}