{"id":2149,"date":"2024-11-23T16:59:17","date_gmt":"2024-11-23T15:59:17","guid":{"rendered":"https:\/\/ephelduath.cz\/?page_id=2149"},"modified":"2026-04-29T09:57:37","modified_gmt":"2026-04-29T07:57:37","slug":"prakticke-informace","status":"publish","type":"page","link":"https:\/\/ephelduath.cz\/index.php\/prakticke-informace\/","title":{"rendered":"Praktick\u00e9 informace"},"content":{"rendered":"[vc_row][vc_column][vc_column_text css=&#8220;.vc_custom_1711194789979{padding-right: 50px !important;padding-left: 50px !important;}&#8220;]\n<h1>\u010casov\u00fd harmonogram<\/h1>\n[\/vc_column_text][\/vc_column][\/vc_row][vc_row][vc_column][vc_column_text]Ephel D\u00faath se uskute\u010dn\u00ed v term\u00ednu 18.-20.9. 2026. Podrobn\u011bj\u0161\u00ed \u010dasov\u00fd harmonogram zde bude k nalezen\u00ed p\u0159ed bitvou.[\/vc_column_text][\/vc_column][\/vc_row][vc_row][vc_column width=&#8220;2\/3&#8243;][vc_column_text css=&#8220;.vc_custom_1711196693301{padding-top: 20px !important;padding-right: 50px !important;padding-left: 50px !important;}&#8220;]\n<h1>M\u00edsto kon\u00e1n\u00ed a podm\u00ednky na akci<\/h1>\n[\/vc_column_text][vc_column_text css=&#8220;.vc_custom_1711196716084{padding-top: 20px !important;padding-right: 50px !important;padding-left: 50px !important;}&#8220;]\n<h5>B\u00fdval\u00fd d\u016fl Ronna u Kladna<\/h5>\n[\/vc_column_text][vc_column_text css=&#8220;.vc_custom_1725376883735{padding-top: 20px !important;padding-right: 50px !important;padding-left: 50px !important;background-color: #d8c6ba !important;}&#8220;]\n<ul>\n<li style=\"list-style-type: none;\">\n<ul>\n<li>\n<h6><a href=\"https:\/\/mapy.cz\/s\/lulanetofa\" target=\"_blank\" rel=\"noopener\">M\u00edsto kon\u00e1n\u00ed bitvy<\/a><\/h6>\n<\/li>\n<li>\n<h6>Parkovi\u0161t\u011b:<\/h6>\n<\/li>\n<\/ul>\n<\/li>\n<\/ul>\n[\/vc_column_text][vc_column_text css=&#8220;.vc_custom_1725376936554{padding-top: 20px !important;padding-right: 50px !important;padding-left: 50px !important;}&#8220;]\n<h6 style=\"text-align: center;\"><span style=\"text-align: center; font-size: 16px;\">Na m\u00edst\u011b bude p\u0159istavena kr\u010dma s pivem a drobn\u00fdm ob\u010derstven\u00edm, dostatek pitn\u00e9 vody a z\u00e1kladn\u00ed hygienick\u00e9 z\u00e1zem\u00ed (toiky).<\/span><\/h6>\n<h6 style=\"text-align: center;\">Hr\u00e1\u010di jsou ubytov\u00e1ni ve vlastn\u00edch historick\u00fdch stanech. Vzhledem k ter\u00e9nu doporu\u010dujeme hr\u00e1\u010d\u016fm p\u0159iv\u00e9zt si kovov\u00e9 kol\u00edky ke stan\u016fm &#8211; s d\u0159ev\u011bn\u00fdmi byste mohli m\u00edt probl\u00e9m! Tak\u00e9 doporu\u010dujeme dobrou podlo\u017eku na span\u00ed, ter\u00e9n na m\u00edst\u011b t\u00e1bor\u016f je p\u0159ev\u00e1\u017en\u011b \u0161t\u011brk. Bude mo\u017en\u00e9 rozd\u011bl\u00e1vat ohn\u011b pod podm\u00ednkou \u00fapravy m\u00edsta do p\u016fvodn\u00edho stavu p\u0159ed odjezdem. Sb\u011br such\u00e9ho spadan\u00e9ho d\u0159eva v porostu je povolen.<\/h6>\n<h6 style=\"text-align: center;\">Na akci je mo\u017en\u00e9 si p\u0159iv\u00e9zt dom\u00e1c\u00ed mazl\u00ed\u010dky, a\u0165 u\u017e se jedn\u00e1 o d\u011bti nebo zv\u00ed\u0159ata. U oboj\u00edho plat\u00ed, \u017ee budou pod dohledem zodpov\u011bdn\u00fdch osob, kter\u00e9 se o n\u011b budou starat. Zejm\u00e9na pak, \u017ee b\u011bhem hry nebudou vstupovat na boji\u0161t\u011b. O\u010dek\u00e1v\u00e1me, \u017ee psi budou na (stylov\u00fdch) obojc\u00edch a vod\u00edtk\u00e1ch. Za sv\u00e9 d\u011bti i zv\u00ed\u0159ata nesou hr\u00e1\u010di plnou odpov\u011bdnost. D\u011bti do 15 let a dom\u00e1c\u00ed mazl\u00ed\u010dci neplat\u00ed registra\u010dn\u00ed poplatek.<\/h6>\n[\/vc_column_text][\/vc_column][vc_column width=&#8220;1\/3&#8243;][vc_single_image image=&#8220;2057&#8243; img_size=&#8220;450 x 500&#8243; css=&#8220;.vc_custom_1711196898502{padding-top: 20px !important;padding-right: 50px !important;}&#8220;][\/vc_column][\/vc_row]\n","protected":false},"excerpt":{"rendered":"<p>[vc_row][vc_column][vc_column_text css=&#8220;.vc_custom_1711194789979{padding-right: 50px !important;padding-left: 50px !important;}&#8220;] \u010casov\u00fd harmonogram [\/vc_column_text][\/vc_column][\/vc_row][vc_row][vc_column][vc_column_text]Ephel D\u00faath se uskute\u010dn\u00ed v term\u00ednu 18.-20.9. 2026. Podrobn\u011bj\u0161\u00ed \u010dasov\u00fd harmonogram zde bude k nalezen\u00ed p\u0159ed bitvou.[\/vc_column_text][\/vc_column][\/vc_row][vc_row][vc_column width=&#8220;2\/3&#8243;][vc_column_text css=&#8220;.vc_custom_1711196693301{padding-top: 20px !important;padding-right: 50px !important;padding-left: 50px !important;}&#8220;] M\u00edsto kon\u00e1n\u00ed a podm\u00ednky na akci [\/vc_column_text][vc_column_text css=&#8220;.vc_custom_1711196716084{padding-top: 20px !important;padding-right: 50px !important;padding-left: 50px !important;}&#8220;] B\u00fdval\u00fd d\u016fl Ronna u Kladna [\/vc_column_text][vc_column_text css=&#8220;.vc_custom_1725376883735{padding-top: 20px [&hellip;]<\/p>\n","protected":false},"author":4,"featured_media":0,"parent":0,"menu_order":0,"comment_status":"closed","ping_status":"closed","template":"","meta":{"footnotes":""},"class_list":["post-2149","page","type-page","status-publish","hentry"],"_links":{"self":[{"href":"https:\/\/ephelduath.cz\/index.php\/wp-json\/wp\/v2\/pages\/2149","targetHints":{"allow":["GET"]}}],"collection":[{"href":"https:\/\/ephelduath.cz\/index.php\/wp-json\/wp\/v2\/pages"}],"about":[{"href":"https:\/\/ephelduath.cz\/index.php\/wp-json\/wp\/v2\/types\/page"}],"author":[{"embeddable":true,"href":"https:\/\/ephelduath.cz\/index.php\/wp-json\/wp\/v2\/users\/4"}],"replies":[{"embeddable":true,"href":"https:\/\/ephelduath.cz\/index.php\/wp-json\/wp\/v2\/comments?post=2149"}],"version-history":[{"count":4,"href":"https:\/\/ephelduath.cz\/index.php\/wp-json\/wp\/v2\/pages\/2149\/revisions"}],"predecessor-version":[{"id":2254,"href":"https:\/\/ephelduath.cz\/index.php\/wp-json\/wp\/v2\/pages\/2149\/revisions\/2254"}],"wp:attachment":[{"href":"https:\/\/ephelduath.cz\/index.php\/wp-json\/wp\/v2\/media?parent=2149"}],"curies":[{"name":"wp","href":"https:\/\/api.w.org\/{rel}","templated":true}]}}