{"id":2162,"date":"2024-11-23T17:51:01","date_gmt":"2024-11-23T16:51:01","guid":{"rendered":"https:\/\/ephelduath.cz\/?page_id=2162"},"modified":"2026-04-29T13:25:36","modified_gmt":"2026-04-29T11:25:36","slug":"pribeh-2","status":"publish","type":"page","link":"https:\/\/ephelduath.cz\/index.php\/pribeh-2\/","title":{"rendered":"P\u0159\u00edb\u011bhy"},"content":{"rendered":"[vc_row][vc_column width=&#8220;2\/3&#8243; css=&#8220;.vc_custom_1732481869744{padding-bottom: 100px !important;}&#8220;][vc_column_text css=&#8220;.vc_custom_1777461479942{padding-left: 50px !important;}&#8220;]\u017d\u00edla, kter\u00e1 vystupovala na sp\u00e1nku mar\u0161\u00e1la Argona, vypadala, \u017ee se odpout\u00e1 od t\u011bla sv\u00e9ho majitele a za\u010dne se proh\u00e1n\u011bt sama po Hor\u00e1ch st\u00ednu, a p\u0159itom zpr\u00e1sk\u00e1 v\u0161echno, co j\u00ed p\u0159ijde do cesty. \u0160t\u00edtono\u0161ka byla mrtv\u00e1, koruna byla pry\u010d, pevnost, kterou tak dlouho budoval, musel s\u00e1m obr\u00e1tit v trosky. A kdyby nedorazily posily v podob\u011b nov\u00e9 pos\u00e1dky, nejsp\u00ed\u0161 by skon\u010dil zcela pora\u017een. To nen\u00ed chv\u00edle, kdy by se m\u011bl s klidem vr\u00e1tit dom\u016f a \u0159\u00edct, moje slu\u017eba skon\u010dila\u2026<\/p>\n<hr \/>\n<p>\u201eM\u016fj kruale, p\u0159ijmy svou korunu,\u201c vyzval \u0161aman pomp\u00e9zn\u011b Loqoka, kdy\u017e mu na m\u00edst\u011b b\u00fdval\u00e9ho Melkorova chr\u00e1mu nasazoval na hlavu mocn\u00fd artefakt.<br \/>\nCel\u00e9mu ob\u0159adu byly p\u0159\u00edtomny uboh\u00e9 zbytky n\u011bkdej\u0161\u00edch vojsk. Kolem jez\u00edrka na m\u00edst\u011b b\u00fdval\u00e9ho ob\u011bti\u0161t\u011b se sp\u0159\u00e1daly p\u0159\u00edzra\u010dn\u00e9 mlhy a zbytky m\u011bs\u00ed\u010dn\u00edho svitu dopadaly na p\u00e1r rozvr\u00e1cen\u00fdch kamen\u016f. N\u011bco bylo \u0161patn\u011b. Ve chv\u00edli, kdy koruna usedla na Loqokovu hlavu, bled\u00fd sk\u0159et zoufale zavyl, padl na kolena a zoufal\u00fdm pohybem si ji strhl z hlavy.<\/p>\n<p>\u201eCo to zase je?!\u201c obo\u0159il se na p\u0159ekvapen\u00e9ho \u0161amana. \u201eTohle je hor\u0161\u00ed ne\u017e v\u0161echny mu\u010den\u00ed, o kterejch jsem jen sly\u0161el, \u017ee se d\u011bly v Lugb\u00farzu! Ty hlasy! Ta bolest! Tohle na hlav\u011b nesnesu. Okam\u017eit\u011b vymysli, co s t\u00edm, proto\u017ee jestli jsme tohle v\u0161echno d\u011blali jen proto, aby to dopadlo takhle, tak se mo\u017en\u00e1 vr\u00e1t\u00edme zp\u00e1tky bez jednoho u\u017evan\u011bn\u00fdho \u0161amana!\u201c<\/p>\n<p>Vyhubl\u00fd sk\u0159et nasucho polkl, ol\u00edzl si rty a rozt\u0159esen\u011b za\u010dal: \u201eM\u016fj kruale\u2026\u201c<\/p>\n<p>\u201eZaraz!\u201c ok\u0159ikl ho Loqok, \u201eDob\u0159e si rozmysli, co mi \u0159ekne\u0161, proto\u017ee jestli to budou jen dal\u0161\u00ed \u017ev\u00e1sty, bude\u0161 si tady pov\u00eddat tak maxim\u00e1ln\u011b s pt\u00e1kama, kter\u00fd budou ozob\u00e1vat tvoje st\u0159eva rozv\u011b\u0161en\u00fd po stromech.[\/vc_column_text][\/vc_column][vc_column width=&#8220;1\/3&#8243; css=&#8220;.vc_custom_1732542032437{padding-top: 0px !important;}&#8220;][vc_single_image image=&#8220;2252&#8243; img_size=&#8220;large&#8220; css=&#8220;.vc_custom_1777449369254{padding-left: 50px !important;}&#8220;][\/vc_column][\/vc_row][vc_row][vc_column][vc_column_text]\n[\/vc_column_text][\/vc_column][\/vc_row]\n","protected":false},"excerpt":{"rendered":"<p>[vc_row][vc_column width=&#8220;2\/3&#8243; css=&#8220;.vc_custom_1732481869744{padding-bottom: 100px !important;}&#8220;][vc_column_text css=&#8220;.vc_custom_1777461479942{padding-left: 50px !important;}&#8220;]\u017d\u00edla, kter\u00e1 vystupovala na sp\u00e1nku mar\u0161\u00e1la Argona, vypadala, \u017ee se odpout\u00e1 od t\u011bla sv\u00e9ho majitele a za\u010dne se proh\u00e1n\u011bt sama po Hor\u00e1ch st\u00ednu, a p\u0159itom zpr\u00e1sk\u00e1 v\u0161echno, co j\u00ed p\u0159ijde do cesty. \u0160t\u00edtono\u0161ka byla mrtv\u00e1, koruna byla pry\u010d, pevnost, kterou tak dlouho budoval, musel s\u00e1m obr\u00e1tit v trosky. [&hellip;]<\/p>\n","protected":false},"author":4,"featured_media":0,"parent":0,"menu_order":0,"comment_status":"closed","ping_status":"closed","template":"","meta":{"footnotes":""},"class_list":["post-2162","page","type-page","status-publish","hentry"],"_links":{"self":[{"href":"https:\/\/ephelduath.cz\/index.php\/wp-json\/wp\/v2\/pages\/2162","targetHints":{"allow":["GET"]}}],"collection":[{"href":"https:\/\/ephelduath.cz\/index.php\/wp-json\/wp\/v2\/pages"}],"about":[{"href":"https:\/\/ephelduath.cz\/index.php\/wp-json\/wp\/v2\/types\/page"}],"author":[{"embeddable":true,"href":"https:\/\/ephelduath.cz\/index.php\/wp-json\/wp\/v2\/users\/4"}],"replies":[{"embeddable":true,"href":"https:\/\/ephelduath.cz\/index.php\/wp-json\/wp\/v2\/comments?post=2162"}],"version-history":[{"count":23,"href":"https:\/\/ephelduath.cz\/index.php\/wp-json\/wp\/v2\/pages\/2162\/revisions"}],"predecessor-version":[{"id":2291,"href":"https:\/\/ephelduath.cz\/index.php\/wp-json\/wp\/v2\/pages\/2162\/revisions\/2291"}],"wp:attachment":[{"href":"https:\/\/ephelduath.cz\/index.php\/wp-json\/wp\/v2\/media?parent=2162"}],"curies":[{"name":"wp","href":"https:\/\/api.w.org\/{rel}","templated":true}]}}