{"id":73,"date":"2018-10-02T12:08:33","date_gmt":"2018-10-02T12:08:33","guid":{"rendered":"https:\/\/rockythemes.com\/nimva3\/?page_id=73"},"modified":"2024-11-25T13:23:26","modified_gmt":"2024-11-25T12:23:26","slug":"nimva-corporate","status":"publish","type":"page","link":"https:\/\/ephelduath.cz\/","title":{"rendered":"Dom\u016f"},"content":{"rendered":"[vc_row bg_attachment=&#8220;fixed&#8220; bg_parallax=&#8220;true&#8220; enable_gradient=&#8220;true&#8220; col_overlay=&#8220;rgba(0,0,0,0.01)&#8220; col_overlay2=&#8220;rgba(10,10,10,0.52)&#8220; slider_deg=&#8220;180&#8243; css=&#8220;.vc_custom_1708631757146{padding-top: 10% !important;padding-bottom: 10% !important;background-image: url(https:\/\/ephelduath.cz\/wp-content\/uploads\/2024\/02\/20240123_110158-01-scaled.jpeg?id=1960) !important;}&#8220;][vc_column][vc_custom_heading text=&#8220;Ephel D\u00faath&#8220; font_container=&#8220;tag:h2|font_size:70px|text_align:center|color:%23ffffff|line_height:1.2&#8243; google_fonts=&#8220;font_family:Tinos%3Aregular%2Citalic%2C700%2C700italic|font_style:400%20regular%3A400%3Anormal&#8220; el_class=&#8220;font_weight_700&#8243;][vc_custom_heading text=&#8220;Kekelov\u00e1 bitva ze sv\u011bta St\u0159edozem\u011b&#8220; font_container=&#8220;tag:p|font_size:18px|text_align:center|color:%23eaeaea|line_height:1.2&#8243; google_fonts=&#8220;font_family:Cinzel%3Aregular%2C700%2C900|font_style:400%20regular%3A400%3Anormal&#8220; el_class=&#8220;font_weight_300&#8243;][\/vc_column][\/vc_row][vc_row css=&#8220;.vc_custom_1709474288058{padding-top: 6% !important;background-color: #f6f6f6 !important;}&#8220;][vc_column width=&#8220;1\/6&#8243;][\/vc_column][vc_column css_animation=&#8220;slideInUp&#8220; width=&#8220;2\/3&#8243;][vc_custom_heading text=&#8220;O akci&#8220; font_container=&#8220;tag:h3|font_size:24px|text_align:center|color:%235b5b5b|line_height:1.2&#8243; google_fonts=&#8220;font_family:Cinzel%3Aregular%2C700%2C900|font_style:400%20regular%3A400%3Anormal&#8220; el_class=&#8220;font_weight_500&#8243;][vc_column_text]\n<p style=\"text-align: center;\"><span style=\"font-weight: 400;\">Ephel D\u00faath je kekelov\u00e1 bitva z\u00a0prost\u0159ed\u00ed St\u0159edozem\u011b odehr\u00e1vaj\u00edc\u00ed se v\u00a0obdob\u00ed zhruba 30 let po zni\u010den\u00ed Prstenu moci. Zat\u00edmco v\u00edt\u011bzn\u00e9 mocnosti (lid\u00e9, trpasl\u00edci, ale i elfov\u00e9 z\u00a0Temn\u00e9ho hvozdu, kte\u0159\u00ed je\u0161t\u011b neodpluli do Valinoru) postupn\u011b upev\u0148uj\u00ed svou vl\u00e1du nad St\u0159edozem\u00ed, sk\u0159eti, zl\u00ed lid\u00e9 a dal\u0161\u00ed b\u00fdval\u00ed slu\u017eebn\u00edci Saurona se ukr\u00fdvaj\u00ed, nebo stahuj\u00ed v\u00edce a v\u00edce na v\u00fdchod. <\/span><span style=\"font-weight: 400;\"><br \/>\n<\/span><span style=\"font-weight: 400;\"><br \/>\n<\/span><span style=\"font-weight: 400;\">Hr\u00e1\u010di se na\u0161\u00ed bitvy mohou z\u00fa\u010dastnit bu\u010f za temnou, nebo za sv\u011btlou stranu. Sv\u011btl\u00e1 strana se pokou\u0161\u00ed kolonizovat \u00fapat\u00ed Ephel D\u00faath (Hor st\u00ednu), kde stav\u00ed str\u00e1\u017en\u00ed pevnost, temn\u00e1 strana se v\u00a0zoufal\u00e9m pl\u00e1nu pokou\u0161\u00ed z\u00edskat n\u011bco ze sv\u00e9 n\u011bkdej\u0161\u00ed moci a sl\u00e1vy.<\/span><span style=\"font-weight: 400;\"><br \/>\n<\/span><span style=\"font-weight: 400;\"><br \/>\n<\/span><span style=\"font-weight: 400;\">Bitva m\u00e1 svou no\u010dn\u00ed \u010d\u00e1st, kter\u00e1 m\u00e1 sp\u00ed\u0161e formu bojovky, a svou denn\u00ed \u010d\u00e1st, kter\u00e1 u\u017e je klasick\u00fd kekel. Hra prob\u00edh\u00e1 podle standard\u016f living fantasy. Jako bojuj\u00edc\u00ed \u00fa\u010dastn\u00edci se mohou hl\u00e1sit pouze hr\u00e1\u010di star\u0161\u00ed 18 let. <\/span><span style=\"font-weight: 400;\"><br \/>\n<\/span><span style=\"font-weight: 400;\"><br \/>\n<\/span><span style=\"font-weight: 400;\">T\u011b\u0161\u00edme se na vid\u011bnou v\u00a0Hor\u00e1ch st\u00ednu! <\/span>[\/vc_column_text][\/vc_column][vc_column width=&#8220;1\/6&#8243;][\/vc_column][\/vc_row][vc_row gap=&#8220;35&#8243; full_height=&#8220;yes&#8220; content_placement=&#8220;middle&#8220; css=&#8220;.vc_custom_1732537192010{padding-bottom: 10% !important;padding-left: 100px !important;background-color: #f6f6f6 !important;}&#8220;][vc_column width=&#8220;1\/4&#8243;][\/vc_column][vc_column width=&#8220;1\/2&#8243; css=&#8220;.vc_custom_1732537404769{padding-left: 30px !important;}&#8220;][vc_single_image image=&#8220;2215&#8243; img_size=&#8220;large&#8220; alignment=&#8220;center&#8220;][\/vc_column][vc_column width=&#8220;1\/4&#8243;][\/vc_column][\/vc_row]\n","protected":false},"excerpt":{"rendered":"<p>[vc_row bg_attachment=&#8220;fixed&#8220; bg_parallax=&#8220;true&#8220; enable_gradient=&#8220;true&#8220; col_overlay=&#8220;rgba(0,0,0,0.01)&#8220; col_overlay2=&#8220;rgba(10,10,10,0.52)&#8220; slider_deg=&#8220;180&#8243; css=&#8220;.vc_custom_1708631757146{padding-top: 10% !important;padding-bottom: 10% !important;background-image: url(https:\/\/ephelduath.cz\/wp-content\/uploads\/2024\/02\/20240123_110158-01-scaled.jpeg?id=1960) !important;}&#8220;][vc_column][vc_custom_heading text=&#8220;Ephel D\u00faath&#8220; font_container=&#8220;tag:h2|font_size:70px|text_align:center|color:%23ffffff|line_height:1.2&#8243; google_fonts=&#8220;font_family:Tinos%3Aregular%2Citalic%2C700%2C700italic|font_style:400%20regular%3A400%3Anormal&#8220; el_class=&#8220;font_weight_700&#8243;][vc_custom_heading text=&#8220;Kekelov\u00e1 bitva ze sv\u011bta St\u0159edozem\u011b&#8220; font_container=&#8220;tag:p|font_size:18px|text_align:center|color:%23eaeaea|line_height:1.2&#8243; google_fonts=&#8220;font_family:Cinzel%3Aregular%2C700%2C900|font_style:400%20regular%3A400%3Anormal&#8220; el_class=&#8220;font_weight_300&#8243;][\/vc_column][\/vc_row][vc_row css=&#8220;.vc_custom_1709474288058{padding-top: 6% !important;background-color: #f6f6f6 !important;}&#8220;][vc_column width=&#8220;1\/6&#8243;][\/vc_column][vc_column css_animation=&#8220;slideInUp&#8220; width=&#8220;2\/3&#8243;][vc_custom_heading text=&#8220;O akci&#8220; font_container=&#8220;tag:h3|font_size:24px|text_align:center|color:%235b5b5b|line_height:1.2&#8243; google_fonts=&#8220;font_family:Cinzel%3Aregular%2C700%2C900|font_style:400%20regular%3A400%3Anormal&#8220; el_class=&#8220;font_weight_500&#8243;][vc_column_text] Ephel D\u00faath je kekelov\u00e1 bitva z\u00a0prost\u0159ed\u00ed St\u0159edozem\u011b odehr\u00e1vaj\u00edc\u00ed se v\u00a0obdob\u00ed zhruba 30 let po zni\u010den\u00ed [&hellip;]<\/p>\n","protected":false},"author":1,"featured_media":1897,"parent":0,"menu_order":0,"comment_status":"closed","ping_status":"closed","template":"page-full.php","meta":{"footnotes":""},"class_list":["post-73","page","type-page","status-publish","has-post-thumbnail","hentry"],"_links":{"self":[{"href":"https:\/\/ephelduath.cz\/index.php\/wp-json\/wp\/v2\/pages\/73","targetHints":{"allow":["GET"]}}],"collection":[{"href":"https:\/\/ephelduath.cz\/index.php\/wp-json\/wp\/v2\/pages"}],"about":[{"href":"https:\/\/ephelduath.cz\/index.php\/wp-json\/wp\/v2\/types\/page"}],"author":[{"embeddable":true,"href":"https:\/\/ephelduath.cz\/index.php\/wp-json\/wp\/v2\/users\/1"}],"replies":[{"embeddable":true,"href":"https:\/\/ephelduath.cz\/index.php\/wp-json\/wp\/v2\/comments?post=73"}],"version-history":[{"count":35,"href":"https:\/\/ephelduath.cz\/index.php\/wp-json\/wp\/v2\/pages\/73\/revisions"}],"predecessor-version":[{"id":2219,"href":"https:\/\/ephelduath.cz\/index.php\/wp-json\/wp\/v2\/pages\/73\/revisions\/2219"}],"wp:featuredmedia":[{"embeddable":true,"href":"https:\/\/ephelduath.cz\/index.php\/wp-json\/wp\/v2\/media\/1897"}],"wp:attachment":[{"href":"https:\/\/ephelduath.cz\/index.php\/wp-json\/wp\/v2\/media?parent=73"}],"curies":[{"name":"wp","href":"https:\/\/api.w.org\/{rel}","templated":true}]}}